{"id":307,"date":"2019-01-06T14:05:36","date_gmt":"2019-01-06T14:05:36","guid":{"rendered":"http:\/\/themes.thememasters.club\/exqute\/?page_id=307"},"modified":"2024-01-26T09:50:15","modified_gmt":"2024-01-26T09:50:15","slug":"sobre","status":"publish","type":"page","link":"http:\/\/www.ivogoncalves.pt\/en\/sobre\/","title":{"rendered":"ABOUT US"},"content":{"rendered":"<div data-elementor-type=\"wp-post\" data-elementor-id=\"307\" class=\"elementor elementor-307\">\n\t\t\t\t\t\t<section class=\"elementor-section elementor-top-section elementor-element elementor-element-8f2d0e5 elementor-section-content-middle elementor-section-boxed elementor-section-height-default elementor-section-height-default\" data-id=\"8f2d0e5\" data-element_type=\"section\">\n\t\t\t\t\t\t<div class=\"elementor-container elementor-column-gap-no\">\n\t\t\t\t\t<div class=\"elementor-column elementor-col-50 elementor-top-column elementor-element elementor-element-f4a8032\" data-id=\"f4a8032\" data-element_type=\"column\">\n\t\t\t<div class=\"elementor-widget-wrap elementor-element-populated\">\n\t\t\t\t\t\t<div class=\"elementor-element elementor-element-e4b31ee elementor-widget elementor-widget-heading\" data-id=\"e4b31ee\" data-element_type=\"widget\" data-widget_type=\"heading.default\">\n\t\t\t\t<div class=\"elementor-widget-container\">\n\t\t\t<style>\/*! elementor - v3.22.0 - 17-06-2024 *\/\n.elementor-heading-title{padding:0;margin:0;line-height:1}.elementor-widget-heading .elementor-heading-title[class*=elementor-size-]>a{color:inherit;font-size:inherit;line-height:inherit}.elementor-widget-heading .elementor-heading-title.elementor-size-small{font-size:15px}.elementor-widget-heading .elementor-heading-title.elementor-size-medium{font-size:19px}.elementor-widget-heading .elementor-heading-title.elementor-size-large{font-size:29px}.elementor-widget-heading .elementor-heading-title.elementor-size-xl{font-size:39px}.elementor-widget-heading .elementor-heading-title.elementor-size-xxl{font-size:59px}<\/style><h1 class=\"elementor-heading-title elementor-size-default\">Who We Are<\/h1>\t\t<\/div>\n\t\t\t\t<\/div>\n\t\t\t\t<div class=\"elementor-element elementor-element-dc2333e elementor-widget elementor-widget-text-editor\" data-id=\"dc2333e\" data-element_type=\"widget\" data-widget_type=\"text-editor.default\">\n\t\t\t\t<div class=\"elementor-widget-container\">\n\t\t\t<style>\/*! elementor - v3.22.0 - 17-06-2024 *\/\n.elementor-widget-text-editor.elementor-drop-cap-view-stacked .elementor-drop-cap{background-color:#69727d;color:#fff}.elementor-widget-text-editor.elementor-drop-cap-view-framed .elementor-drop-cap{color:#69727d;border:3px solid;background-color:transparent}.elementor-widget-text-editor:not(.elementor-drop-cap-view-default) .elementor-drop-cap{margin-top:8px}.elementor-widget-text-editor:not(.elementor-drop-cap-view-default) .elementor-drop-cap-letter{width:1em;height:1em}.elementor-widget-text-editor .elementor-drop-cap{float:left;text-align:center;line-height:1;font-size:50px}.elementor-widget-text-editor .elementor-drop-cap-letter{display:inline-block}<\/style>\t\t\t\t<p><span style=\"color: #000000; font-variant-ligatures: normal; font-size: 12pt; font-family: Calibri, sans-serif;\">We are a company founded in 2021 but already has more than 20 years of experience in Civil Construction and Building Refurbishment with a Permit for small and medium-sized constructions.<\/span><\/p>\n<p><span style=\"color: #000000; font-variant-ligatures: normal; font-size: 12pt; font-family: Calibri, sans-serif;\">We carry out renovation works and new works in the civil construction sector in the Algarve zone.<\/span><br><\/p>\n<p><span style=\"color: rgb(0, 0, 0); font-variant-ligatures: normal; font-size: 12pt; font-family: Calibri, sans-serif;\">We carry out all our activities and any service with maximum dedication and professionalism.<\/span><\/p>\n<p><span style=\"color: rgb(0, 0, 0); font-variant-ligatures: normal; font-size: 12pt; font-family: Calibri, sans-serif;\">Contact us for more information about our services and what we can do for you!<\/span><\/p>\n<p><span style=\"color: rgb(0, 0, 0); font-variant-ligatures: normal; font-size: 12pt; font-family: Calibri, sans-serif;\"><br><\/span><\/p>\t\t\t\t\t\t<\/div>\n\t\t\t\t<\/div>\n\t\t\t\t\t<\/div>\n\t\t<\/div>\n\t\t\t\t<div class=\"elementor-column elementor-col-50 elementor-top-column elementor-element elementor-element-d533097\" data-id=\"d533097\" data-element_type=\"column\" data-settings=\"{&quot;background_background&quot;:&quot;classic&quot;}\">\n\t\t\t<div class=\"elementor-widget-wrap elementor-element-populated\">\n\t\t\t\t\t\t\t<\/div>\n\t\t<\/div>\n\t\t\t\t\t<\/div>\n\t\t<\/section>\n\t\t\t\t<\/div>","protected":false},"excerpt":{"rendered":"<p>Quem Somos Somos uma empresa fundada em 2021 mas que conta j\u00e1 com mais de 20 anos de experi\u00eancia em Constru\u00e7\u00e3o Civil e Remodela\u00e7\u00e3o de Edif\u00edcios com Alvar\u00e1 para pequenas e m\u00e9dias constru\u00e7\u00f5es. Realizamos obras de remodela\u00e7\u00e3o e obras de raiz na \u00e1rea da constru\u00e7\u00e3o civil na zona do Algarve. Desenvolvemos toda a nossa a&#8230;<\/p>","protected":false},"author":1,"featured_media":0,"parent":0,"menu_order":0,"comment_status":"closed","ping_status":"closed","template":"","meta":{"footnotes":""},"class_list":["post-307","page","type-page","status-publish","hentry"],"_links":{"self":[{"href":"http:\/\/www.ivogoncalves.pt\/en\/wp-json\/wp\/v2\/pages\/307","targetHints":{"allow":["GET"]}}],"collection":[{"href":"http:\/\/www.ivogoncalves.pt\/en\/wp-json\/wp\/v2\/pages"}],"about":[{"href":"http:\/\/www.ivogoncalves.pt\/en\/wp-json\/wp\/v2\/types\/page"}],"author":[{"embeddable":true,"href":"http:\/\/www.ivogoncalves.pt\/en\/wp-json\/wp\/v2\/users\/1"}],"replies":[{"embeddable":true,"href":"http:\/\/www.ivogoncalves.pt\/en\/wp-json\/wp\/v2\/comments?post=307"}],"version-history":[{"count":20,"href":"http:\/\/www.ivogoncalves.pt\/en\/wp-json\/wp\/v2\/pages\/307\/revisions"}],"predecessor-version":[{"id":815,"href":"http:\/\/www.ivogoncalves.pt\/en\/wp-json\/wp\/v2\/pages\/307\/revisions\/815"}],"wp:attachment":[{"href":"http:\/\/www.ivogoncalves.pt\/en\/wp-json\/wp\/v2\/media?parent=307"}],"curies":[{"name":"wp","href":"https:\/\/api.w.org\/{rel}","templated":true}]}}