{"id":662,"date":"2021-11-12T15:42:12","date_gmt":"2021-11-12T15:42:12","guid":{"rendered":"http:\/\/www.ivogoncalves.pt\/?page_id=662"},"modified":"2021-11-12T15:42:12","modified_gmt":"2021-11-12T15:42:12","slug":"politica-de-privacidade","status":"publish","type":"page","link":"http:\/\/www.ivogoncalves.pt\/en\/politica-de-privacidade\/","title":{"rendered":"Privacy Policy"},"content":{"rendered":"<p>Your privacy is important to us. It is Ivo Gon\u00e7alves' policy to respect your privacy in relation to any information we may collect on the website.\u00a0<a href=\"https:\/\/politicaprivacidade.com\/www.ivogoncalves.pt\">Ivo Gon\u00e7alves<\/a>, and other sites we own and operate.<\/p>\n<p>We only request personal information when we truly need it to provide you with a service. We do so by fair and legal means, with your knowledge and consent. We also tell you why we are collecting it and how it will be used.<\/p>\n<p>We only retain collected information for as long as necessary to provide the requested service. When we store data, we protect it within commercially acceptable means to prevent loss and theft, as well as unauthorized access, disclosure, copying, use or modification.<\/p>\n<p>We do not share personally identifiable information publicly or with third parties except when required by law.<\/p>\n<p>Our website may have links to external websites that are not operated by us. Please be aware that we have no control over the content and practices of these sites and cannot accept responsibility for their respective\u00a0<a href=\"https:\/\/politicaprivacidade.com\/\" target=\"_BLANK\" rel=\"noopener\">privacy policies<\/a>.<\/p>\n<p>Voc\u00ea \u00e9 livre para recusar a nossa solicita\u00e7\u00e3o de informa\u00e7\u00f5es pessoais, entendendo que talvez n\u00e3o possamos fornecer alguns dos servi\u00e7os desejados.<\/p>\n<p>O uso continuado de nosso site ser\u00e1 considerado como aceita\u00e7\u00e3o de nossas pr\u00e1ticas em torno de privacidade e informa\u00e7\u00f5es pessoais. Se voc\u00ea tiver alguma d\u00favida sobre como lidamos com dados do usu\u00e1rio e informa\u00e7\u00f5es pessoais, entre em contacto connosco.<\/p>\n<h2>Ivo Gon\u00e7alves Cookies Policy<\/h2>\n<h3>What are cookies?<\/h3>\n<p>As is common practice with almost all professional websites this site uses cookies, which are small files that are downloaded to your computer, to improve your experience. This page describes what information they collect, how we use it and why we sometimes need to store these cookies. We will also share how you can prevent these cookies from being stored, however this may downgrade or 'break' certain elements of the site's functionality.<\/p>\n<h3>How do we use cookies?<\/h3>\n<p>We use cookies for a number of reasons, detailed below. Unfortunately, in most cases there are no industry standard options for disabling cookies without completely disabling the functionality and features they add to this site. It is recommended that you leave all cookies if you are not sure whether or not you need them in case they are used to provide a service that you use.<\/p>\n<h3>Disable cookies<\/h3>\n<p>Voc\u00ea pode impedir a configura\u00e7\u00e3o de cookies ajustando as configura\u00e7\u00f5es do seu navegador (consulte a Ajuda do navegador para saber como fazer isso). Esteja ciente de que a desativa\u00e7\u00e3o de cookies afetar\u00e1 a funcionalidade deste e de muitos outros sites que voc\u00ea visita. A desativa\u00e7\u00e3o de cookies geralmente resultar\u00e1 na desativa\u00e7\u00e3o de determinadas funcionalidades e recursos deste site. Portanto, \u00e9 recomend\u00e1vel que voc\u00ea n\u00e3o desative os cookies.<\/p>\n<h3>Cookies que definimos<\/h3>\n<ul>\n<li>Account-related cookies\n<p>If you create an account with us, we will use cookies to manage the registration process and general administration. These cookies will usually be deleted when you log out, however in some cases they may remain afterwards to remember your site preferences when you log out.<\/li>\n<li>Account-related cookies\n<p>Utilizamos cookies quando voc\u00ea est\u00e1 logado, para que possamos lembrar dessa a\u00e7\u00e3o. Isso evita que voc\u00ea precise fazer login sempre que visitar uma nova p\u00e1gina. Esses cookies s\u00e3o normalmente removidos ou limpos quando voc\u00ea efetua logout para garantir que voc\u00ea possa acessar apenas a recursos e \u00e1reas restritas ao efetuar login.<\/li>\n<li>Cookies related to email newsletters\n<p>This site offers newsletter or email subscription services and cookies may be used to remember if you are already registered and whether to show certain notifications valid only to subscribed\/unsubscribed users.<\/li>\n<li>Orders processing related cookies\n<p>This site offers e-commerce or payment facilities and some cookies are essential to ensure that your order is remembered between pages so that we can process it properly.<\/li>\n<li>Search-related cookies\n<p>From time to time, we offer surveys and questionnaires to provide interesting information, useful tools, or to understand our user base more accurately. These surveys may use cookies to remember who has already participated in a survey or to provide accurate results after you change pages.<\/li>\n<li>Forms-related cookies\n<p>When you submit data through a form such as those found on contact pages or comment forms cookies may be set to remember your user details for future correspondence.<\/li>\n<li>Site preference cookies\n<p>To provide you with a great experience on this site, we provide the functionality to set your preferences for how this site runs when you use it. To remember your preferences, we need to set cookies so that this information can be called whenever you interact with a page that is affected by your preferences.<\/li>\n<\/ul>\n<h3>Third Party Cookies<\/h3>\n<p>In some special cases, we also use cookies provided by trusted third parties. The following section details which third-party cookies you may encounter through this website.<\/p>\n<ul>\n<li>This site uses Google Analytics which is one of the most widespread and trusted analytics solution on the web for helping us understand how you use the site and ways we can improve your experience. These cookies may track things like how long you spend on the site and the pages you visit so we can continue to produce engaging content.<\/li>\n<\/ul>\n<p>For more information about Google Analytics cookies, see the official Google Analytics page.<\/p>\n<ul>\n<li>Third-party analytics are used to track and measure usage of this site so that we can continue to produce engaging content. These cookies may track things like the time you spend on the site or the pages you visit, which helps us understand how we can improve the site for you.<\/li>\n<li>Periodically, we test new features and make subtle changes to the way the site appears. When we are still testing new features these cookies may be used to ensure that you receive a consistent experience whilst on the site whilst we understand which optimisations our users appreciate most.<\/li>\n<li>As we sell products it is important that we understand statistics about how many visitors to our website actually purchase and so this is the type of data these cookies will track. This is important to you as it means we can accurately make business forecasts that allow us to analyze our advertising and product costs to ensure the best possible price.<\/li>\n<\/ul>\n<h3>User Commitment<\/h3>\n<p>The user undertakes to make appropriate use of the content and information that Ivo Gon\u00e7alves offers on the website and with an enunciative, but not limiting, character:<\/p>\n<ul>\n<li>A) Not engage in activities that are illegal or contrary to good faith and public order;<\/li>\n<li>B) Do not disseminate propaganda or content of a racist, xenophobic,\u00a0<a href=\"https:\/\/jogoshoje.io\/\">jogos de hoje<\/a>\u00a0or bad luck, any type of illegal pornography, in support of terrorism or against human rights;<\/li>\n<li>C) Do not cause damage to the physical (hardware) and logical (software) systems of Ivo Gon\u00e7alves, its suppliers or third parties, to introduce or disseminate computer viruses or any other hardware or software systems that are capable of causing the aforementioned damages.<\/li>\n<\/ul>\n<h3>Mais informa\u00e7\u00f5es<\/h3>\n<p>Hopefully that's clear, and as mentioned previously, if there's something you're not sure whether you need or not, it's usually safer to leave cookies enabled in case it interacts with one of the features you use on our site.<\/p>\n<p>This policy is effective from\u00a0<strong>November<\/strong>\/<strong>2021<\/strong>.<\/p>","protected":false},"excerpt":{"rendered":"<p>A sua privacidade \u00e9 importante para n\u00f3s. \u00c9 pol\u00edtica do Ivo Gon\u00e7alves respeitar a sua privacidade em rela\u00e7\u00e3o a qualquer informa\u00e7\u00e3o sua que possamos coletar no site\u00a0Ivo Gon\u00e7alves, e outros sites que possu\u00edmos e operamos. Solicitamos informa\u00e7\u00f5es pessoais apenas quando realmente precisamos delas para lhe fornecer um servi\u00e7o. Fazemo-lo por meios justos e legais, com&#8230;<\/p>","protected":false},"author":1,"featured_media":0,"parent":0,"menu_order":0,"comment_status":"closed","ping_status":"closed","template":"","meta":{"footnotes":""},"class_list":["post-662","page","type-page","status-publish","hentry"],"_links":{"self":[{"href":"http:\/\/www.ivogoncalves.pt\/en\/wp-json\/wp\/v2\/pages\/662","targetHints":{"allow":["GET"]}}],"collection":[{"href":"http:\/\/www.ivogoncalves.pt\/en\/wp-json\/wp\/v2\/pages"}],"about":[{"href":"http:\/\/www.ivogoncalves.pt\/en\/wp-json\/wp\/v2\/types\/page"}],"author":[{"embeddable":true,"href":"http:\/\/www.ivogoncalves.pt\/en\/wp-json\/wp\/v2\/users\/1"}],"replies":[{"embeddable":true,"href":"http:\/\/www.ivogoncalves.pt\/en\/wp-json\/wp\/v2\/comments?post=662"}],"version-history":[{"count":2,"href":"http:\/\/www.ivogoncalves.pt\/en\/wp-json\/wp\/v2\/pages\/662\/revisions"}],"predecessor-version":[{"id":739,"href":"http:\/\/www.ivogoncalves.pt\/en\/wp-json\/wp\/v2\/pages\/662\/revisions\/739"}],"wp:attachment":[{"href":"http:\/\/www.ivogoncalves.pt\/en\/wp-json\/wp\/v2\/media?parent=662"}],"curies":[{"name":"wp","href":"https:\/\/api.w.org\/{rel}","templated":true}]}}